{"id":593,"date":"2024-05-15T07:03:09","date_gmt":"2024-05-15T06:03:09","guid":{"rendered":"https:\/\/livetutti.com\/ueber-uns\/"},"modified":"2024-06-05T12:52:56","modified_gmt":"2024-06-05T11:52:56","slug":"ueber-uns","status":"publish","type":"page","link":"https:\/\/livetutti.com\/de\/ueber-uns\/","title":{"rendered":"\u00dcber uns"},"content":{"rendered":"<h2>Wer wir sind?<\/h2>\n<p>Lorem Ipsum ist einfach ein Blindtext der Druck- und Setzindustrie. Lorem Ipsum ist seit den 1500er Jahren, als ein unbekannter Drucker eine Druckfahne nahm und sie zu einem Musterbuch verarbeitete, der Standard f\u00fcr Blindtext in der Industrie. Sie hat nicht nur f\u00fcnf Jahrhunderte, sondern auch den Sprung zum elektronischen Schriftsatz \u00fcberlebt und ist im Wesentlichen unver\u00e4ndert geblieben. Es wurde in den 1960er Jahren durch die Ver\u00f6ffentlichung von Letraset-B\u00f6gen mit Lorem Ipsum-Passagen popul\u00e4r, und in j\u00fcngerer Zeit durch Desktop-Publishing-Software wie Aldus PageMaker, die Versionen von Lorem Ipsum enth\u00e4lt.<\/p>\n","protected":false},"excerpt":{"rendered":"<p>Wer wir sind? Lorem Ipsum ist einfach ein Blindtext der Druck- und Setzindustrie. Lorem Ipsum ist seit den 1500er Jahren, als ein unbekannter Drucker eine Druckfahne nahm und sie zu einem Musterbuch verarbeitete, der Standard f\u00fcr Blindtext in der Industrie. Sie hat nicht nur f\u00fcnf Jahrhunderte, sondern auch den Sprung zum elektronischen Schriftsatz \u00fcberlebt und [&hellip;]<\/p>\n","protected":false},"author":1,"featured_media":0,"parent":0,"menu_order":0,"comment_status":"closed","ping_status":"closed","template":"template-simple.php","meta":{"_acf_changed":false,"footnotes":""},"acf":[],"_links":{"self":[{"href":"https:\/\/livetutti.com\/de\/wp-json\/wp\/v2\/pages\/593"}],"collection":[{"href":"https:\/\/livetutti.com\/de\/wp-json\/wp\/v2\/pages"}],"about":[{"href":"https:\/\/livetutti.com\/de\/wp-json\/wp\/v2\/types\/page"}],"author":[{"embeddable":true,"href":"https:\/\/livetutti.com\/de\/wp-json\/wp\/v2\/users\/1"}],"replies":[{"embeddable":true,"href":"https:\/\/livetutti.com\/de\/wp-json\/wp\/v2\/comments?post=593"}],"version-history":[{"count":1,"href":"https:\/\/livetutti.com\/de\/wp-json\/wp\/v2\/pages\/593\/revisions"}],"predecessor-version":[{"id":597,"href":"https:\/\/livetutti.com\/de\/wp-json\/wp\/v2\/pages\/593\/revisions\/597"}],"wp:attachment":[{"href":"https:\/\/livetutti.com\/de\/wp-json\/wp\/v2\/media?parent=593"}],"curies":[{"name":"wp","href":"https:\/\/api.w.org\/{rel}","templated":true}]}}