{"id":596,"date":"2024-05-15T07:03:09","date_gmt":"2024-05-15T06:03:09","guid":{"rendered":"https:\/\/livetutti.com\/a-propos-de-nous\/"},"modified":"2024-06-05T12:52:10","modified_gmt":"2024-06-05T11:52:10","slug":"a-propos-de-nous","status":"publish","type":"page","link":"https:\/\/livetutti.com\/fr\/a-propos-de-nous\/","title":{"rendered":"A propos de nous"},"content":{"rendered":"<h2>Qui sommes-nous ?<\/h2>\n<p>Lorem Ipsum est simplement un texte factice de l&rsquo;industrie de l&rsquo;imprimerie et de la composition. Le Lorem Ipsum est le texte factice standard de l&rsquo;industrie depuis les ann\u00e9es 1500, lorsqu&rsquo;un imprimeur inconnu a pris une gal\u00e8re de caract\u00e8res et l&rsquo;a brouill\u00e9e pour en faire un livre de sp\u00e9cimens de caract\u00e8res. Il a surv\u00e9cu non seulement \u00e0 cinq si\u00e8cles, mais aussi au passage \u00e0 la composition \u00e9lectronique, en restant essentiellement inchang\u00e9. Il a \u00e9t\u00e9 popularis\u00e9 dans les ann\u00e9es 1960 avec la publication de feuilles Letraset contenant des passages Lorem Ipsum, et plus r\u00e9cemment avec des logiciels de publication assist\u00e9e par ordinateur comme Aldus PageMaker incluant des versions de Lorem Ipsum.<\/p>\n","protected":false},"excerpt":{"rendered":"<p>Qui sommes-nous ? Lorem Ipsum est simplement un texte factice de l&rsquo;industrie de l&rsquo;imprimerie et de la composition. Le Lorem Ipsum est le texte factice standard de l&rsquo;industrie depuis les ann\u00e9es 1500, lorsqu&rsquo;un imprimeur inconnu a pris une gal\u00e8re de caract\u00e8res et l&rsquo;a brouill\u00e9e pour en faire un livre de sp\u00e9cimens de caract\u00e8res. Il a [&hellip;]<\/p>\n","protected":false},"author":1,"featured_media":0,"parent":0,"menu_order":0,"comment_status":"closed","ping_status":"closed","template":"template-simple.php","meta":{"_acf_changed":false,"footnotes":""},"acf":[],"_links":{"self":[{"href":"https:\/\/livetutti.com\/fr\/wp-json\/wp\/v2\/pages\/596"}],"collection":[{"href":"https:\/\/livetutti.com\/fr\/wp-json\/wp\/v2\/pages"}],"about":[{"href":"https:\/\/livetutti.com\/fr\/wp-json\/wp\/v2\/types\/page"}],"author":[{"embeddable":true,"href":"https:\/\/livetutti.com\/fr\/wp-json\/wp\/v2\/users\/1"}],"replies":[{"embeddable":true,"href":"https:\/\/livetutti.com\/fr\/wp-json\/wp\/v2\/comments?post=596"}],"version-history":[{"count":1,"href":"https:\/\/livetutti.com\/fr\/wp-json\/wp\/v2\/pages\/596\/revisions"}],"predecessor-version":[{"id":600,"href":"https:\/\/livetutti.com\/fr\/wp-json\/wp\/v2\/pages\/596\/revisions\/600"}],"wp:attachment":[{"href":"https:\/\/livetutti.com\/fr\/wp-json\/wp\/v2\/media?parent=596"}],"curies":[{"name":"wp","href":"https:\/\/api.w.org\/{rel}","templated":true}]}}