{"id":605,"date":"2024-05-15T07:03:09","date_gmt":"2024-05-15T06:03:09","guid":{"rendered":"https:\/\/livetutti.com\/hakkimizda\/"},"modified":"2024-06-05T20:41:53","modified_gmt":"2024-06-05T19:41:53","slug":"hakkimizda","status":"publish","type":"page","link":"https:\/\/livetutti.com\/tr\/hakkimizda\/","title":{"rendered":"Hakk\u0131m\u0131zda"},"content":{"rendered":"<h2>Biz kimiz?<\/h2>\n<p>Lorem Ipsum, bask\u0131 ve dizgi end\u00fcstrisinin kukla metnidir. Lorem Ipsum, 1500&#8217;lerde bilinmeyen bir matbaac\u0131n\u0131n bir dizgi kal\u0131b\u0131n\u0131 al\u0131p bir dizgi \u00f6rne\u011fi kitab\u0131 yapmak i\u00e7in kar\u0131\u015ft\u0131rmas\u0131ndan bu yana sekt\u00f6r\u00fcn standart sahte metni olmu\u015ftur. Sadece be\u015f y\u00fczy\u0131l de\u011fil, ayn\u0131 zamanda elektronik dizgiye s\u0131\u00e7ramay\u0131 da atlatt\u0131 ve esasen de\u011fi\u015fmeden kald\u0131. 1960&#8217;larda Lorem Ipsum pasajlar\u0131 i\u00e7eren Letraset sayfalar\u0131n\u0131n piyasaya s\u00fcr\u00fclmesiyle ve daha yak\u0131n zamanda Lorem Ipsum s\u00fcr\u00fcmlerini i\u00e7eren Aldus PageMaker gibi masa\u00fcst\u00fc yay\u0131nc\u0131l\u0131k yaz\u0131l\u0131mlar\u0131yla pop\u00fcler hale geldi.<\/p>\n","protected":false},"excerpt":{"rendered":"<p>Biz kimiz? Lorem Ipsum, bask\u0131 ve dizgi end\u00fcstrisinin kukla metnidir. Lorem Ipsum, 1500&#8217;lerde bilinmeyen bir matbaac\u0131n\u0131n bir dizgi kal\u0131b\u0131n\u0131 al\u0131p bir dizgi \u00f6rne\u011fi kitab\u0131 yapmak i\u00e7in kar\u0131\u015ft\u0131rmas\u0131ndan bu yana sekt\u00f6r\u00fcn standart sahte metni olmu\u015ftur. Sadece be\u015f y\u00fczy\u0131l de\u011fil, ayn\u0131 zamanda elektronik dizgiye s\u0131\u00e7ramay\u0131 da atlatt\u0131 ve esasen de\u011fi\u015fmeden kald\u0131. 1960&#8217;larda Lorem Ipsum pasajlar\u0131 i\u00e7eren Letraset [&hellip;]<\/p>\n","protected":false},"author":1,"featured_media":0,"parent":0,"menu_order":0,"comment_status":"closed","ping_status":"closed","template":"template-simple.php","meta":{"_acf_changed":false,"footnotes":""},"acf":[],"_links":{"self":[{"href":"https:\/\/livetutti.com\/tr\/wp-json\/wp\/v2\/pages\/605"}],"collection":[{"href":"https:\/\/livetutti.com\/tr\/wp-json\/wp\/v2\/pages"}],"about":[{"href":"https:\/\/livetutti.com\/tr\/wp-json\/wp\/v2\/types\/page"}],"author":[{"embeddable":true,"href":"https:\/\/livetutti.com\/tr\/wp-json\/wp\/v2\/users\/1"}],"replies":[{"embeddable":true,"href":"https:\/\/livetutti.com\/tr\/wp-json\/wp\/v2\/comments?post=605"}],"version-history":[{"count":1,"href":"https:\/\/livetutti.com\/tr\/wp-json\/wp\/v2\/pages\/605\/revisions"}],"predecessor-version":[{"id":607,"href":"https:\/\/livetutti.com\/tr\/wp-json\/wp\/v2\/pages\/605\/revisions\/607"}],"wp:attachment":[{"href":"https:\/\/livetutti.com\/tr\/wp-json\/wp\/v2\/media?parent=605"}],"curies":[{"name":"wp","href":"https:\/\/api.w.org\/{rel}","templated":true}]}}